{"id":110,"date":"2026-04-09T17:34:37","date_gmt":"2026-04-09T17:34:37","guid":{"rendered":"https:\/\/clientesgoogleads.inabaweb.com\/?page_id=110"},"modified":"2026-04-14T17:18:28","modified_gmt":"2026-04-14T17:18:28","slug":"aviso-legal","status":"publish","type":"page","link":"https:\/\/clientesgoogleads.com\/fr\/aviso-legal\/","title":{"rendered":"Avis juridique"},"content":{"rendered":"<style>.elementor-110 .elementor-element.elementor-element-266fd973{--display:flex;--min-height:456px;--flex-direction:column;--container-widget-width:calc( ( 1 - var( --container-widget-flex-grow ) ) * 100% );--container-widget-height:initial;--container-widget-flex-grow:0;--container-widget-align-self:initial;--flex-wrap-mobile:wrap;--justify-content:center;--align-items:flex-start;--gap:24px 24px;--row-gap:24px;--column-gap:24px;--overlay-opacity:0.69;--margin-top:0px;--margin-bottom:0px;--margin-left:0px;--margin-right:0px;--padding-top:69px;--padding-bottom:0px;--padding-left:0px;--padding-right:0px;}.elementor-110 .elementor-element.elementor-element-266fd973:not(.elementor-motion-effects-element-type-background), .elementor-110 .elementor-element.elementor-element-266fd973 > .elementor-motion-effects-container > .elementor-motion-effects-layer{background-image:url(\"https:\/\/clientesgoogleads.com\/wp-content\/uploads\/2026\/04\/Hero-Aviso-legal-1.jpeg\");background-position:center center;background-repeat:no-repeat;background-size:cover;}.elementor-110 .elementor-element.elementor-element-266fd973::before, .elementor-110 .elementor-element.elementor-element-266fd973 > .elementor-background-video-container::before, .elementor-110 .elementor-element.elementor-element-266fd973 > .e-con-inner > .elementor-background-video-container::before, .elementor-110 .elementor-element.elementor-element-266fd973 > .elementor-background-slideshow::before, .elementor-110 .elementor-element.elementor-element-266fd973 > .e-con-inner > .elementor-background-slideshow::before, .elementor-110 .elementor-element.elementor-element-266fd973 > .elementor-motion-effects-container > .elementor-motion-effects-layer::before{--background-overlay:'';background-color:var( --e-global-color-text );}.elementor-110 .elementor-element.elementor-element-599f120{text-align:center;}.elementor-110 .elementor-element.elementor-element-599f120 ul.hfe-breadcrumbs li{margin-right:4px;}.elementor-110 .elementor-element.elementor-element-599f120 .hfe-breadcrumbs-item{padding:0px 0px 0px 0px;font-family:var( --e-global-typography-d1461b2-font-family ), Sans-serif;font-size:var( --e-global-typography-d1461b2-font-size );font-weight:var( --e-global-typography-d1461b2-font-weight );line-height:var( --e-global-typography-d1461b2-line-height );letter-spacing:var( --e-global-typography-d1461b2-letter-spacing );word-spacing:var( --e-global-typography-d1461b2-word-spacing );border-radius:100px 100px 100px 100px;}.elementor-110 .elementor-element.elementor-element-599f120 .hfe-breadcrumbs, .elementor-110 .elementor-element.elementor-element-599f120 .hfe-breadcrumbs .hfe-breadcrumbs-text{color:var( --e-global-color-909d301 );}.elementor-110 .elementor-element.elementor-element-599f120 .hfe-breadcrumbs svg{fill:var( --e-global-color-909d301 );}.elementor-110 .elementor-element.elementor-element-599f120 .hfe-breadcrumbs-separator .hfe-breadcrumbs-separator-text{color:var( --e-global-color-909d301 );font-family:var( --e-global-typography-d1461b2-font-family ), Sans-serif;font-size:var( --e-global-typography-d1461b2-font-size );font-weight:var( --e-global-typography-d1461b2-font-weight );line-height:var( --e-global-typography-d1461b2-line-height );letter-spacing:var( --e-global-typography-d1461b2-letter-spacing );word-spacing:var( --e-global-typography-d1461b2-word-spacing );}.elementor-110 .elementor-element.elementor-element-599f120 .hfe-breadcrumbs-separator-icon svg{fill:var( --e-global-color-909d301 );}.elementor-110 .elementor-element.elementor-element-599f120 .hfe-breadcrumbs-last .hfe-breadcrumbs-text, .elementor-110 .elementor-element.elementor-element-599f120 .hfe-breadcrumbs-last svg{color:var( --e-global-color-909d301 );font-family:var( --e-global-typography-b91330a-font-family ), Sans-serif;font-size:var( --e-global-typography-b91330a-font-size );font-weight:var( --e-global-typography-b91330a-font-weight );line-height:var( --e-global-typography-b91330a-line-height );letter-spacing:var( --e-global-typography-b91330a-letter-spacing );word-spacing:var( --e-global-typography-b91330a-word-spacing );}.elementor-110 .elementor-element.elementor-element-599f120 .hfe-breadcrumbs-last{border-radius:100px 100px 100px 100px;padding:0px 0px 0px 0px;}.elementor-110 .elementor-element.elementor-element-599f120 > .elementor-widget-container{margin:0px 0px 0px 0px;padding:8px 24px 8px 24px;background-color:var( --e-global-color-91d901e );border-radius:100px 100px 100px 100px;}.elementor-110 .elementor-element.elementor-element-16eceed0 .jeg-elementor-kit.jkit-heading.title-float-left .jkit-heading-title-wrapper{width:100%;}.elementor-110 .elementor-element.elementor-element-16eceed0 .jeg-elementor-kit.jkit-heading{text-align:left;}.elementor-110 .elementor-element.elementor-element-16eceed0 .jeg-elementor-kit.jkit-heading .heading-title{font-family:var( --e-global-typography-9675b67-font-family ), Sans-serif;font-size:var( --e-global-typography-9675b67-font-size );font-weight:var( --e-global-typography-9675b67-font-weight );line-height:var( --e-global-typography-9675b67-line-height );letter-spacing:var( --e-global-typography-9675b67-letter-spacing );word-spacing:var( --e-global-typography-9675b67-word-spacing );color:#FFFFFF;}.elementor-110 .elementor-element.elementor-element-16eceed0 .jeg-elementor-kit.jkit-heading .heading-section-title{margin:8px 0px 8px 0px;}.elementor-110 .elementor-element.elementor-element-16eceed0 .jeg-elementor-kit.jkit-heading .heading-section-title .heading-title{padding:0px 0px 0px 0px;border-radius:0px 0px 0px 0px;}.elementor-110 .elementor-element.elementor-element-d1726b8{--display:flex;--flex-direction:column;--container-widget-width:100%;--container-widget-height:initial;--container-widget-flex-grow:0;--container-widget-align-self:initial;--flex-wrap-mobile:wrap;}.elementor-110 .elementor-element.elementor-element-87ecc7e{margin:0px 0px calc(var(--kit-widget-spacing, 0px) + 0px) 0px;padding:40px 100px 60px 100px;}@media(max-width:1024px){.elementor-110 .elementor-element.elementor-element-266fd973{--padding-top:0px;--padding-bottom:0px;--padding-left:16px;--padding-right:16px;}.elementor-110 .elementor-element.elementor-element-599f120 .hfe-breadcrumbs-item{font-size:var( --e-global-typography-d1461b2-font-size );line-height:var( --e-global-typography-d1461b2-line-height );letter-spacing:var( --e-global-typography-d1461b2-letter-spacing );word-spacing:var( --e-global-typography-d1461b2-word-spacing );}.elementor-110 .elementor-element.elementor-element-599f120 .hfe-breadcrumbs-separator .hfe-breadcrumbs-separator-text{font-size:var( --e-global-typography-d1461b2-font-size );line-height:var( --e-global-typography-d1461b2-line-height );letter-spacing:var( --e-global-typography-d1461b2-letter-spacing );word-spacing:var( --e-global-typography-d1461b2-word-spacing );}.elementor-110 .elementor-element.elementor-element-599f120 .hfe-breadcrumbs-last .hfe-breadcrumbs-text, .elementor-110 .elementor-element.elementor-element-599f120 .hfe-breadcrumbs-last svg{font-size:var( --e-global-typography-b91330a-font-size );line-height:var( --e-global-typography-b91330a-line-height );letter-spacing:var( --e-global-typography-b91330a-letter-spacing );word-spacing:var( --e-global-typography-b91330a-word-spacing );}.elementor-110 .elementor-element.elementor-element-16eceed0 .jeg-elementor-kit.jkit-heading .heading-title{font-size:var( --e-global-typography-9675b67-font-size );line-height:var( --e-global-typography-9675b67-line-height );letter-spacing:var( --e-global-typography-9675b67-letter-spacing );word-spacing:var( --e-global-typography-9675b67-word-spacing );}}@media(max-width:767px){.elementor-110 .elementor-element.elementor-element-266fd973{--min-height:0px;--overlay-opacity:0.53;--padding-top:72px;--padding-bottom:72px;--padding-left:16px;--padding-right:16px;}.elementor-110 .elementor-element.elementor-element-599f120 .hfe-breadcrumbs-item{font-size:var( --e-global-typography-d1461b2-font-size );line-height:var( --e-global-typography-d1461b2-line-height );letter-spacing:var( --e-global-typography-d1461b2-letter-spacing );word-spacing:var( --e-global-typography-d1461b2-word-spacing );}.elementor-110 .elementor-element.elementor-element-599f120 .hfe-breadcrumbs-separator .hfe-breadcrumbs-separator-text{font-size:var( --e-global-typography-d1461b2-font-size );line-height:var( --e-global-typography-d1461b2-line-height );letter-spacing:var( --e-global-typography-d1461b2-letter-spacing );word-spacing:var( --e-global-typography-d1461b2-word-spacing );}.elementor-110 .elementor-element.elementor-element-599f120 .hfe-breadcrumbs-last .hfe-breadcrumbs-text, .elementor-110 .elementor-element.elementor-element-599f120 .hfe-breadcrumbs-last svg{font-size:var( --e-global-typography-b91330a-font-size );line-height:var( --e-global-typography-b91330a-line-height );letter-spacing:var( --e-global-typography-b91330a-letter-spacing );word-spacing:var( --e-global-typography-b91330a-word-spacing );}.elementor-110 .elementor-element.elementor-element-599f120.elementor-element{--align-self:center;}.elementor-110 .elementor-element.elementor-element-16eceed0 .jeg-elementor-kit.jkit-heading.title-float-left .jkit-heading-title-wrapper{width:100%;}.elementor-110 .elementor-element.elementor-element-16eceed0 .jeg-elementor-kit.jkit-heading{text-align:center;}.elementor-110 .elementor-element.elementor-element-16eceed0 .jeg-elementor-kit.jkit-heading .heading-title{font-size:var( --e-global-typography-9675b67-font-size );line-height:var( --e-global-typography-9675b67-line-height );letter-spacing:var( --e-global-typography-9675b67-letter-spacing );word-spacing:var( --e-global-typography-9675b67-word-spacing );}.elementor-110 .elementor-element.elementor-element-87ecc7e{padding:31px 30px 40px 30px;}}@media(min-width:1025px){.elementor-110 .elementor-element.elementor-element-266fd973:not(.elementor-motion-effects-element-type-background), .elementor-110 .elementor-element.elementor-element-266fd973 > .elementor-motion-effects-container > .elementor-motion-effects-layer{background-attachment:fixed;}}\/* Start custom CSS for text-editor, class: .elementor-element-87ecc7e *\/\/* Espaciado entre p\u00e1rrafos *\/\r\n.elementor-110 .elementor-element.elementor-element-87ecc7e p {\r\n    margin-bottom: 16px;\r\n    line-height: 1.7;\r\n}\r\n\r\n\/* Espaciado entre t\u00edtulos y texto *\/\r\n.elementor-110 .elementor-element.elementor-element-87ecc7e h3 {\r\n    margin-top: 24px;\r\n    margin-bottom: 10px;\r\n    line-height: 1.3;\r\n}\r\n\r\n\/* Evita que Elementor colapse espacios *\/\r\n.elementor-110 .elementor-element.elementor-element-87ecc7e {\r\n    white-space: normal;\r\n}\r\n\r\n\/* Mejora lectura general del bloque *\/\r\n.elementor-110 .elementor-element.elementor-element-87ecc7e {\r\n    font-size: 16px;\r\n}\/* End custom CSS *\/<\/style>\t\t<div data-elementor-type=\"wp-page\" data-elementor-id=\"110\" class=\"elementor elementor-110\" data-elementor-post-type=\"page\">\n\t\t\t\t<div class=\"elementor-element elementor-element-266fd973 e-flex e-con-boxed e-con e-parent\" data-id=\"266fd973\" data-element_type=\"container\" data-e-type=\"container\" data-settings=\"{&quot;background_background&quot;:&quot;classic&quot;}\">\n\t\t\t\t\t<div class=\"e-con-inner\">\n\t\t\t\t<div class=\"elementor-element elementor-element-599f120 elementor-widget elementor-widget-hfe-breadcrumbs-widget\" data-id=\"599f120\" data-element_type=\"widget\" data-e-type=\"widget\" data-widget_type=\"hfe-breadcrumbs-widget.default\">\n\t\t\t\t<div class=\"elementor-widget-container\">\n\t\t\t\t\t<nav aria-label=\"chapelure\"><ul class=\"hfe-breadcrumbs hfe-breadcrumbs-show-home\"><li class=\"hfe-breadcrumbs-item hfe-breadcrumbs-first\"><span class=\"hfe-breadcrumbs-home-icon\"><\/span><a href=\"https:\/\/clientesgoogleads.com\/fr\"><span class=\"hfe-breadcrumbs-text\">Commencer<\/span><\/a><\/li><\/ul><\/nav>\t\t\t\t<\/div>\n\t\t\t\t<\/div>\n\t\t\t\t<div class=\"elementor-element elementor-element-16eceed0 animated-slow elementor-invisible elementor-widget elementor-widget-jkit_heading\" data-id=\"16eceed0\" data-element_type=\"widget\" data-e-type=\"widget\" data-settings=\"{&quot;_animation&quot;:&quot;slideInLeft&quot;,&quot;_animation_mobile&quot;:&quot;none&quot;}\" data-widget_type=\"jkit_heading.default\">\n\t\t\t\t\t<div  class=\"jeg-elementor-kit jkit-heading title-float-left align-left align-tablet- align-mobile-center jeg_module___69efb028d8a0b\" ><div class=\"jkit-heading-title-wrapper\"><div class=\"heading-section-title  display-inline-block\"><h2 class=\"heading-title\">Notre section Mentions l\u00e9gales<\/h2><\/div><\/div><div class=\"jkit-heading-content-wrapper\"><\/div><\/div>\t\t\t\t<\/div>\n\t\t\t\t\t<\/div>\n\t\t\t\t<\/div>\n\t\t<div class=\"elementor-element elementor-element-d1726b8 e-flex e-con-boxed e-con e-parent\" data-id=\"d1726b8\" data-element_type=\"container\" data-e-type=\"container\">\n\t\t\t\t\t<div class=\"e-con-inner\">\n\t\t\t\t<div class=\"elementor-element elementor-element-87ecc7e elementor-widget elementor-widget-text-editor\" data-id=\"87ecc7e\" data-element_type=\"widget\" data-e-type=\"widget\" data-widget_type=\"text-editor.default\">\n\t\t\t\t\t\t\t\t\t<h3>Donn\u00e9es d&#039;identification<\/h3><p>Conform\u00e9ment \u00e0 la loi 34\/2002 relative aux services de la soci\u00e9t\u00e9 de l\u2019information et au commerce \u00e9lectronique (LSSI-CE), nous vous informons que ce site web est la propri\u00e9t\u00e9 de\u00a0:<\/p><p><strong>BERACA TRADITION &amp; INNOVATION SL<\/strong><br \/>CIF : B24753840<br \/>Adresse : Alonso Alvarado 9, 35003, Las Palmas de Gran Canaria, Espagne<br \/>E-mail: <a href=\"mailto:agalan@beracatradition.com\">agalan@beracatradition.com<\/a><\/p><h3>Conditions d&#039;utilisation<\/h3><p>L\u2019acc\u00e8s au site web et son utilisation conf\u00e8rent le statut d\u2019utilisateur, impliquant l\u2019acceptation des pr\u00e9sentes mentions l\u00e9gales.<\/p><p>L&#039;utilisateur accepte\u00a0:<\/p><ul><li><p>Utilisez correctement le site web.<\/p><\/li><li><p>Ne vous livrez pas \u00e0 des activit\u00e9s ill\u00e9gales.<\/p><\/li><li><p>Ne pas endommager les syst\u00e8mes du site.<\/p><\/li><\/ul><p>Le propri\u00e9taire se r\u00e9serve le droit de refuser ou de retirer l&#039;acc\u00e8s sans pr\u00e9avis.<\/p><h3>propri\u00e9t\u00e9 intellectuelle<\/h3><p>Tout le contenu est la propri\u00e9t\u00e9 de BERACA TRADITION &amp; INNOVATION SL ou fait l&#039;objet d&#039;une licence accord\u00e9e \u00e0 cette derni\u00e8re.<\/p><p>Toute reproduction ou utilisation sans autorisation est interdite.<\/p><h3>Responsabilit\u00e9<\/h3><p>Le propri\u00e9taire n&#039;est pas responsable de\u00a0:<\/p><ul><li><p>Erreurs dans le contenu.<\/p><\/li><li><p>Interruptions de service.<\/p><\/li><li><p>Virus ou pannes techniques.<\/p><\/li><li><p>Dommages r\u00e9sultant de l&#039;utilisation.<\/p><\/li><\/ul><h3>Liens externes<\/h3><p>Aucune responsabilit\u00e9 n&#039;est assum\u00e9e quant au contenu des sites tiers li\u00e9s.<\/p><h3>Protection des donn\u00e9es<\/h3><p>Le traitement des donn\u00e9es est r\u00e9gi par la politique de confidentialit\u00e9.<\/p><h3>Cookies<\/h3><p>Ce site utilise des cookies. Consultez notre politique en mati\u00e8re de cookies.<\/p><h3>L\u00e9gislation<\/h3><p>Elle est r\u00e9gie par la l\u00e9gislation espagnole.<br \/>Juridiction : Las Palmas de Gran Canaria.<\/p>\t\t\t\t\t\t\t\t<\/div>\n\t\t\t\t\t<\/div>\n\t\t\t\t<\/div>\n\t\t\t\t<\/div>","protected":false},"excerpt":{"rendered":"<p>Inicio Nuestra Secci\u00f3n de Aviso Legal Datos identificativos En cumplimiento de la Ley 34\/2002, de Servicios de la Sociedad de la Informaci\u00f3n y de Comercio Electr\u00f3nico (LSSI-CE), se informa que el presente sitio web es titularidad de: BERACA TRADITION &amp; INNOVATION SLCIF: B24753840Domicilio: Alonso Alvarado 9, 35003, Las Palmas de Gran Canaria, Espa\u00f1aCorreo electr\u00f3nico: agalan@beracatradition.com [&hellip;]<\/p>\n","protected":false},"author":1,"featured_media":0,"parent":0,"menu_order":0,"comment_status":"closed","ping_status":"closed","template":"elementor_header_footer","meta":{"_joinchat":[],"footnotes":""},"class_list":["post-110","page","type-page","status-publish","hentry"],"yoast_head":"<!-- This site is optimized with the Yoast SEO plugin v27.4 - https:\/\/yoast.com\/product\/yoast-seo-wordpress\/ -->\n<title>Aviso Legal - Clientesgoogleads<\/title>\n<meta name=\"robots\" content=\"index, follow, max-snippet:-1, max-image-preview:large, max-video-preview:-1\" \/>\n<link rel=\"canonical\" href=\"https:\/\/clientesgoogleads.com\/fr\/aviso-legal\/\" \/>\n<meta property=\"og:locale\" content=\"fr_FR\" \/>\n<meta property=\"og:type\" content=\"article\" \/>\n<meta property=\"og:title\" content=\"Aviso Legal - Clientesgoogleads\" \/>\n<meta property=\"og:description\" content=\"Inicio Nuestra Secci\u00f3n de Aviso Legal Datos identificativos En cumplimiento de la Ley 34\/2002, de Servicios de la Sociedad de la Informaci\u00f3n y de Comercio Electr\u00f3nico (LSSI-CE), se informa que el presente sitio web es titularidad de: BERACA TRADITION &amp; INNOVATION SLCIF: B24753840Domicilio: Alonso Alvarado 9, 35003, Las Palmas de Gran Canaria, Espa\u00f1aCorreo electr\u00f3nico: agalan@beracatradition.com [&hellip;]\" \/>\n<meta property=\"og:url\" content=\"https:\/\/clientesgoogleads.com\/fr\/aviso-legal\/\" \/>\n<meta property=\"og:site_name\" content=\"Clientesgoogleads\" \/>\n<meta property=\"article:modified_time\" content=\"2026-04-14T17:18:28+00:00\" \/>\n<meta name=\"twitter:card\" content=\"summary_large_image\" \/>\n<meta name=\"twitter:label1\" content=\"Dur\u00e9e de lecture estim\u00e9e\" \/>\n\t<meta name=\"twitter:data1\" content=\"1 minute\" \/>\n<!-- \/ Yoast SEO plugin. -->","yoast_head_json":{"title":"Aviso Legal - Clientesgoogleads","robots":{"index":"index","follow":"follow","max-snippet":"max-snippet:-1","max-image-preview":"max-image-preview:large","max-video-preview":"max-video-preview:-1"},"canonical":"https:\/\/clientesgoogleads.com\/fr\/aviso-legal\/","og_locale":"fr_FR","og_type":"article","og_title":"Aviso Legal - Clientesgoogleads","og_description":"Inicio Nuestra Secci\u00f3n de Aviso Legal Datos identificativos En cumplimiento de la Ley 34\/2002, de Servicios de la Sociedad de la Informaci\u00f3n y de Comercio Electr\u00f3nico (LSSI-CE), se informa que el presente sitio web es titularidad de: BERACA TRADITION &amp; INNOVATION SLCIF: B24753840Domicilio: Alonso Alvarado 9, 35003, Las Palmas de Gran Canaria, Espa\u00f1aCorreo electr\u00f3nico: agalan@beracatradition.com [&hellip;]","og_url":"https:\/\/clientesgoogleads.com\/fr\/aviso-legal\/","og_site_name":"Clientesgoogleads","article_modified_time":"2026-04-14T17:18:28+00:00","twitter_card":"summary_large_image","twitter_misc":{"Dur\u00e9e de lecture estim\u00e9e":"1 minute"},"schema":{"@context":"https:\/\/schema.org","@graph":[{"@type":"WebPage","@id":"https:\/\/clientesgoogleads.com\/fr\/aviso-legal\/","url":"https:\/\/clientesgoogleads.com\/fr\/aviso-legal\/","name":"Aviso Legal - Clientesgoogleads","isPartOf":{"@id":"https:\/\/clientesgoogleads.com\/fr\/#website"},"datePublished":"2026-04-09T17:34:37+00:00","dateModified":"2026-04-14T17:18:28+00:00","breadcrumb":{"@id":"https:\/\/clientesgoogleads.com\/fr\/aviso-legal\/#breadcrumb"},"inLanguage":"fr-FR","potentialAction":[{"@type":"ReadAction","target":["https:\/\/clientesgoogleads.com\/fr\/aviso-legal\/"]}]},{"@type":"BreadcrumbList","@id":"https:\/\/clientesgoogleads.com\/fr\/aviso-legal\/#breadcrumb","itemListElement":[{"@type":"ListItem","position":1,"name":"Portada","item":"https:\/\/clientesgoogleads.com\/en\/"},{"@type":"ListItem","position":2,"name":"Aviso Legal"}]},{"@type":"WebSite","@id":"https:\/\/clientesgoogleads.com\/fr\/#website","url":"https:\/\/clientesgoogleads.com\/fr\/","name":"Clients Google Ads","description":"","publisher":{"@id":"https:\/\/clientesgoogleads.com\/fr\/#organization"},"potentialAction":[{"@type":"SearchAction","target":{"@type":"EntryPoint","urlTemplate":"https:\/\/clientesgoogleads.com\/fr\/?s={search_term_string}"},"query-input":{"@type":"PropertyValueSpecification","valueRequired":true,"valueName":"search_term_string"}}],"inLanguage":"fr-FR"},{"@type":"Organization","@id":"https:\/\/clientesgoogleads.com\/fr\/#organization","name":"Clients Google Ads","url":"https:\/\/clientesgoogleads.com\/fr\/","logo":{"@type":"ImageObject","inLanguage":"fr-FR","@id":"https:\/\/clientesgoogleads.com\/fr\/#\/schema\/logo\/image\/","url":"https:\/\/clientesgoogleads.com\/wp-content\/uploads\/2026\/04\/BERACA-MARCA-V-degradado-2026.png","contentUrl":"https:\/\/clientesgoogleads.com\/wp-content\/uploads\/2026\/04\/BERACA-MARCA-V-degradado-2026.png","width":1363,"height":445,"caption":"Clientesgoogleads"},"image":{"@id":"https:\/\/clientesgoogleads.com\/fr\/#\/schema\/logo\/image\/"}}]}},"_links":{"self":[{"href":"https:\/\/clientesgoogleads.com\/fr\/wp-json\/wp\/v2\/pages\/110","targetHints":{"allow":["GET"]}}],"collection":[{"href":"https:\/\/clientesgoogleads.com\/fr\/wp-json\/wp\/v2\/pages"}],"about":[{"href":"https:\/\/clientesgoogleads.com\/fr\/wp-json\/wp\/v2\/types\/page"}],"author":[{"embeddable":true,"href":"https:\/\/clientesgoogleads.com\/fr\/wp-json\/wp\/v2\/users\/1"}],"replies":[{"embeddable":true,"href":"https:\/\/clientesgoogleads.com\/fr\/wp-json\/wp\/v2\/comments?post=110"}],"version-history":[{"count":31,"href":"https:\/\/clientesgoogleads.com\/fr\/wp-json\/wp\/v2\/pages\/110\/revisions"}],"predecessor-version":[{"id":720,"href":"https:\/\/clientesgoogleads.com\/fr\/wp-json\/wp\/v2\/pages\/110\/revisions\/720"}],"wp:attachment":[{"href":"https:\/\/clientesgoogleads.com\/fr\/wp-json\/wp\/v2\/media?parent=110"}],"curies":[{"name":"wp","href":"https:\/\/api.w.org\/{rel}","templated":true}]}}