{"id":126,"date":"2026-04-09T17:39:31","date_gmt":"2026-04-09T17:39:31","guid":{"rendered":"https:\/\/clientesgoogleads.inabaweb.com\/?page_id=126"},"modified":"2026-04-14T17:20:22","modified_gmt":"2026-04-14T17:20:22","slug":"politicas-de-cookies","status":"publish","type":"page","link":"https:\/\/clientesgoogleads.com\/en\/politicas-de-cookies\/","title":{"rendered":"Cookie Policy"},"content":{"rendered":"<style>.elementor-126 .elementor-element.elementor-element-53cf2ac{--display:flex;--min-height:456px;--flex-direction:column;--container-widget-width:calc( ( 1 - var( --container-widget-flex-grow ) ) * 100% );--container-widget-height:initial;--container-widget-flex-grow:0;--container-widget-align-self:initial;--flex-wrap-mobile:wrap;--justify-content:center;--align-items:flex-start;--gap:24px 24px;--row-gap:24px;--column-gap:24px;--overlay-opacity:0.69;--margin-top:0px;--margin-bottom:0px;--margin-left:0px;--margin-right:0px;--padding-top:69px;--padding-bottom:0px;--padding-left:0px;--padding-right:0px;}.elementor-126 .elementor-element.elementor-element-53cf2ac:not(.elementor-motion-effects-element-type-background), .elementor-126 .elementor-element.elementor-element-53cf2ac > .elementor-motion-effects-container > .elementor-motion-effects-layer{background-image:url(\"https:\/\/clientesgoogleads.com\/wp-content\/uploads\/2026\/04\/Hero-Politicas-de-cookies-1.jpeg\");background-position:center center;background-repeat:no-repeat;background-size:cover;}.elementor-126 .elementor-element.elementor-element-53cf2ac::before, .elementor-126 .elementor-element.elementor-element-53cf2ac > .elementor-background-video-container::before, .elementor-126 .elementor-element.elementor-element-53cf2ac > .e-con-inner > .elementor-background-video-container::before, .elementor-126 .elementor-element.elementor-element-53cf2ac > .elementor-background-slideshow::before, .elementor-126 .elementor-element.elementor-element-53cf2ac > .e-con-inner > .elementor-background-slideshow::before, .elementor-126 .elementor-element.elementor-element-53cf2ac > .elementor-motion-effects-container > .elementor-motion-effects-layer::before{--background-overlay:'';background-color:var( --e-global-color-text );}.elementor-126 .elementor-element.elementor-element-69b219e8{text-align:center;}.elementor-126 .elementor-element.elementor-element-69b219e8 ul.hfe-breadcrumbs li{margin-right:4px;}.elementor-126 .elementor-element.elementor-element-69b219e8 .hfe-breadcrumbs-item{padding:0px 0px 0px 0px;font-family:var( --e-global-typography-d1461b2-font-family ), Sans-serif;font-size:var( --e-global-typography-d1461b2-font-size );font-weight:var( --e-global-typography-d1461b2-font-weight );line-height:var( --e-global-typography-d1461b2-line-height );letter-spacing:var( --e-global-typography-d1461b2-letter-spacing );word-spacing:var( --e-global-typography-d1461b2-word-spacing );border-radius:100px 100px 100px 100px;}.elementor-126 .elementor-element.elementor-element-69b219e8 .hfe-breadcrumbs, .elementor-126 .elementor-element.elementor-element-69b219e8 .hfe-breadcrumbs .hfe-breadcrumbs-text{color:var( --e-global-color-909d301 );}.elementor-126 .elementor-element.elementor-element-69b219e8 .hfe-breadcrumbs svg{fill:var( --e-global-color-909d301 );}.elementor-126 .elementor-element.elementor-element-69b219e8 .hfe-breadcrumbs-separator .hfe-breadcrumbs-separator-text{color:var( --e-global-color-909d301 );font-family:var( --e-global-typography-d1461b2-font-family ), Sans-serif;font-size:var( --e-global-typography-d1461b2-font-size );font-weight:var( --e-global-typography-d1461b2-font-weight );line-height:var( --e-global-typography-d1461b2-line-height );letter-spacing:var( --e-global-typography-d1461b2-letter-spacing );word-spacing:var( --e-global-typography-d1461b2-word-spacing );}.elementor-126 .elementor-element.elementor-element-69b219e8 .hfe-breadcrumbs-separator-icon svg{fill:var( --e-global-color-909d301 );}.elementor-126 .elementor-element.elementor-element-69b219e8 .hfe-breadcrumbs-last .hfe-breadcrumbs-text, .elementor-126 .elementor-element.elementor-element-69b219e8 .hfe-breadcrumbs-last svg{color:var( --e-global-color-909d301 );font-family:var( --e-global-typography-b91330a-font-family ), Sans-serif;font-size:var( --e-global-typography-b91330a-font-size );font-weight:var( --e-global-typography-b91330a-font-weight );line-height:var( --e-global-typography-b91330a-line-height );letter-spacing:var( --e-global-typography-b91330a-letter-spacing );word-spacing:var( --e-global-typography-b91330a-word-spacing );}.elementor-126 .elementor-element.elementor-element-69b219e8 .hfe-breadcrumbs-last{border-radius:100px 100px 100px 100px;padding:0px 0px 0px 0px;}.elementor-126 .elementor-element.elementor-element-69b219e8 > .elementor-widget-container{margin:0px 0px 0px 0px;padding:8px 24px 8px 24px;background-color:var( --e-global-color-91d901e );border-radius:100px 100px 100px 100px;}.elementor-126 .elementor-element.elementor-element-794cde6 .jeg-elementor-kit.jkit-heading.title-float-left .jkit-heading-title-wrapper{width:100%;}.elementor-126 .elementor-element.elementor-element-794cde6 .jeg-elementor-kit.jkit-heading{text-align:left;}.elementor-126 .elementor-element.elementor-element-794cde6 .jeg-elementor-kit.jkit-heading .heading-title{font-family:var( --e-global-typography-9675b67-font-family ), Sans-serif;font-size:var( --e-global-typography-9675b67-font-size );font-weight:var( --e-global-typography-9675b67-font-weight );line-height:var( --e-global-typography-9675b67-line-height );letter-spacing:var( --e-global-typography-9675b67-letter-spacing );word-spacing:var( --e-global-typography-9675b67-word-spacing );color:#FFFFFF;}.elementor-126 .elementor-element.elementor-element-794cde6 .jeg-elementor-kit.jkit-heading .heading-section-title{margin:8px 0px 8px 0px;}.elementor-126 .elementor-element.elementor-element-794cde6 .jeg-elementor-kit.jkit-heading .heading-section-title .heading-title{padding:0px 0px 0px 0px;border-radius:0px 0px 0px 0px;}.elementor-126 .elementor-element.elementor-element-d1726b8{--display:flex;--flex-direction:column;--container-widget-width:100%;--container-widget-height:initial;--container-widget-flex-grow:0;--container-widget-align-self:initial;--flex-wrap-mobile:wrap;}.elementor-126 .elementor-element.elementor-element-87ecc7e{margin:0px 0px calc(var(--kit-widget-spacing, 0px) + 0px) 0px;padding:35px 100px 60px 100px;}@media(max-width:1024px){.elementor-126 .elementor-element.elementor-element-53cf2ac{--padding-top:0px;--padding-bottom:0px;--padding-left:16px;--padding-right:16px;}.elementor-126 .elementor-element.elementor-element-69b219e8 .hfe-breadcrumbs-item{font-size:var( --e-global-typography-d1461b2-font-size );line-height:var( --e-global-typography-d1461b2-line-height );letter-spacing:var( --e-global-typography-d1461b2-letter-spacing );word-spacing:var( --e-global-typography-d1461b2-word-spacing );}.elementor-126 .elementor-element.elementor-element-69b219e8 .hfe-breadcrumbs-separator .hfe-breadcrumbs-separator-text{font-size:var( --e-global-typography-d1461b2-font-size );line-height:var( --e-global-typography-d1461b2-line-height );letter-spacing:var( --e-global-typography-d1461b2-letter-spacing );word-spacing:var( --e-global-typography-d1461b2-word-spacing );}.elementor-126 .elementor-element.elementor-element-69b219e8 .hfe-breadcrumbs-last .hfe-breadcrumbs-text, .elementor-126 .elementor-element.elementor-element-69b219e8 .hfe-breadcrumbs-last svg{font-size:var( --e-global-typography-b91330a-font-size );line-height:var( --e-global-typography-b91330a-line-height );letter-spacing:var( --e-global-typography-b91330a-letter-spacing );word-spacing:var( --e-global-typography-b91330a-word-spacing );}.elementor-126 .elementor-element.elementor-element-794cde6 .jeg-elementor-kit.jkit-heading .heading-title{font-size:var( --e-global-typography-9675b67-font-size );line-height:var( --e-global-typography-9675b67-line-height );letter-spacing:var( --e-global-typography-9675b67-letter-spacing );word-spacing:var( --e-global-typography-9675b67-word-spacing );}}@media(max-width:767px){.elementor-126 .elementor-element.elementor-element-53cf2ac{--min-height:0px;--overlay-opacity:0.53;--padding-top:72px;--padding-bottom:72px;--padding-left:16px;--padding-right:16px;}.elementor-126 .elementor-element.elementor-element-69b219e8 .hfe-breadcrumbs-item{font-size:var( --e-global-typography-d1461b2-font-size );line-height:var( --e-global-typography-d1461b2-line-height );letter-spacing:var( --e-global-typography-d1461b2-letter-spacing );word-spacing:var( --e-global-typography-d1461b2-word-spacing );}.elementor-126 .elementor-element.elementor-element-69b219e8 .hfe-breadcrumbs-separator .hfe-breadcrumbs-separator-text{font-size:var( --e-global-typography-d1461b2-font-size );line-height:var( --e-global-typography-d1461b2-line-height );letter-spacing:var( --e-global-typography-d1461b2-letter-spacing );word-spacing:var( --e-global-typography-d1461b2-word-spacing );}.elementor-126 .elementor-element.elementor-element-69b219e8 .hfe-breadcrumbs-last .hfe-breadcrumbs-text, .elementor-126 .elementor-element.elementor-element-69b219e8 .hfe-breadcrumbs-last svg{font-size:var( --e-global-typography-b91330a-font-size );line-height:var( --e-global-typography-b91330a-line-height );letter-spacing:var( --e-global-typography-b91330a-letter-spacing );word-spacing:var( --e-global-typography-b91330a-word-spacing );}.elementor-126 .elementor-element.elementor-element-69b219e8.elementor-element{--align-self:center;}.elementor-126 .elementor-element.elementor-element-794cde6 .jeg-elementor-kit.jkit-heading.title-float-left .jkit-heading-title-wrapper{width:100%;}.elementor-126 .elementor-element.elementor-element-794cde6 .jeg-elementor-kit.jkit-heading{text-align:center;}.elementor-126 .elementor-element.elementor-element-794cde6 .jeg-elementor-kit.jkit-heading .heading-title{font-size:var( --e-global-typography-9675b67-font-size );line-height:var( --e-global-typography-9675b67-line-height );letter-spacing:var( --e-global-typography-9675b67-letter-spacing );word-spacing:var( --e-global-typography-9675b67-word-spacing );}.elementor-126 .elementor-element.elementor-element-87ecc7e{padding:15px 19px 40px 19px;}}@media(min-width:1025px){.elementor-126 .elementor-element.elementor-element-53cf2ac:not(.elementor-motion-effects-element-type-background), .elementor-126 .elementor-element.elementor-element-53cf2ac > .elementor-motion-effects-container > .elementor-motion-effects-layer{background-attachment:fixed;}}\/* Start custom CSS for text-editor, class: .elementor-element-87ecc7e *\/\/* Espaciado entre p\u00e1rrafos *\/\r\n.elementor-126 .elementor-element.elementor-element-87ecc7e p {\r\n    margin-bottom: 16px;\r\n    line-height: 1.7;\r\n}\r\n\r\n\/* Espaciado entre t\u00edtulos y texto *\/\r\n.elementor-126 .elementor-element.elementor-element-87ecc7e h3 {\r\n    margin-top: 24px;\r\n    margin-bottom: 10px;\r\n    line-height: 1.3;\r\n}\r\n\r\n\/* Evita que Elementor colapse espacios *\/\r\n.elementor-126 .elementor-element.elementor-element-87ecc7e {\r\n    white-space: normal;\r\n}\r\n\r\n\/* Mejora lectura general del bloque *\/\r\n.elementor-126 .elementor-element.elementor-element-87ecc7e {\r\n    font-size: 16px;\r\n}\/* End custom CSS *\/<\/style>\t\t<div data-elementor-type=\"wp-page\" data-elementor-id=\"126\" class=\"elementor elementor-126\" data-elementor-post-type=\"page\">\n\t\t\t\t<div class=\"elementor-element elementor-element-53cf2ac e-flex e-con-boxed e-con e-parent\" data-id=\"53cf2ac\" data-element_type=\"container\" data-e-type=\"container\" data-settings=\"{&quot;background_background&quot;:&quot;classic&quot;}\">\n\t\t\t\t\t<div class=\"e-con-inner\">\n\t\t\t\t<div class=\"elementor-element elementor-element-69b219e8 elementor-widget elementor-widget-hfe-breadcrumbs-widget\" data-id=\"69b219e8\" data-element_type=\"widget\" data-e-type=\"widget\" data-widget_type=\"hfe-breadcrumbs-widget.default\">\n\t\t\t\t<div class=\"elementor-widget-container\">\n\t\t\t\t\t<nav aria-label=\"Breadcrumb\"><ul class=\"hfe-breadcrumbs hfe-breadcrumbs-show-home\"><li class=\"hfe-breadcrumbs-item hfe-breadcrumbs-first\"><span class=\"hfe-breadcrumbs-home-icon\"><\/span><a href=\"https:\/\/clientesgoogleads.com\/en\"><span class=\"hfe-breadcrumbs-text\">Home<\/span><\/a><\/li><\/ul><\/nav>\t\t\t\t<\/div>\n\t\t\t\t<\/div>\n\t\t\t\t<div class=\"elementor-element elementor-element-794cde6 animated-slow elementor-invisible elementor-widget elementor-widget-jkit_heading\" data-id=\"794cde6\" data-element_type=\"widget\" data-e-type=\"widget\" data-settings=\"{&quot;_animation&quot;:&quot;slideInLeft&quot;,&quot;_animation_mobile&quot;:&quot;none&quot;}\" data-widget_type=\"jkit_heading.default\">\n\t\t\t\t\t<div  class=\"jeg-elementor-kit jkit-heading title-float-left align-left align-tablet- align-mobile-center jeg_module___69efca3594fb4\" ><div class=\"jkit-heading-title-wrapper\"><div class=\"heading-section-title  display-inline-block\"><h2 class=\"heading-title\">Our Cookie Policy<\/h2><\/div><\/div><div class=\"jkit-heading-content-wrapper\"><\/div><\/div>\t\t\t\t<\/div>\n\t\t\t\t\t<\/div>\n\t\t\t\t<\/div>\n\t\t<div class=\"elementor-element elementor-element-d1726b8 e-flex e-con-boxed e-con e-parent\" data-id=\"d1726b8\" data-element_type=\"container\" data-e-type=\"container\">\n\t\t\t\t\t<div class=\"e-con-inner\">\n\t\t\t\t<div class=\"elementor-element elementor-element-87ecc7e elementor-widget elementor-widget-text-editor\" data-id=\"87ecc7e\" data-element_type=\"widget\" data-e-type=\"widget\" data-widget_type=\"text-editor.default\">\n\t\t\t\t\t\t\t\t\t<p>\u00a0<\/p><h3>What are cookies?<\/h3><p>These are files that are stored on the user&#039;s device to improve navigation and analysis<br \/>the use of the website.<\/p><h3>Types of cookies<\/h3><p>Technical cookies<br \/>Necessary for the operation of the site.<\/p><p>Analytical cookies<br \/>They allow you to analyze user behavior.<\/p><p>Advertising cookies<br \/>They allow you to show relevant ads and measure campaigns.<\/p><h3>Purpose<\/h3><p>Ensure functionality<br \/>Improve experience<br \/>Analyze traffic<br \/>Optimize advertising campaigns<\/p><h3>Consent<\/h3><p>Non-essential cookies are installed only with the user&#039;s consent via the banner.<\/p><p>The user can:<br \/>Accept<br \/>Decline<br \/>Set up<\/p><h3>Management<\/h3><p>They can be removed or blocked from the browser.<\/p><h3>Third-party cookies<\/h3><p>This site uses third-party tools:<\/p><p>Google Analytics<br \/>It allows you to analyze traffic and user behavior.<\/p><p>Google Tag Manager<br \/>It allows you to manage labels and tracking tools.<\/p><p>These tools can collect:<br \/>anonymized IP<br \/>browsing behavior<br \/>pages visited<\/p><p>Information may be transferred to servers outside the EEA.<\/p><p>More information:<br \/><a href=\"https:\/\/policies.google.com\/privacy\">https:\/\/policies.google.com\/privacy<\/a><br \/><a href=\"https:\/\/policies.google.com\/technologies\/cookies\">https:\/\/policies.google.com\/technologies\/cookies<\/a><\/p><h3>Conservation<\/h3><p>Cookies can be:<br \/>session<br \/>persistent<\/p><h3>Updates<\/h3><p>This policy may be modified.<\/p><h3>More information<\/h3><p>See Privacy Policy.<\/p>\t\t\t\t\t\t\t\t<\/div>\n\t\t\t\t\t<\/div>\n\t\t\t\t<\/div>\n\t\t\t\t<\/div>","protected":false},"excerpt":{"rendered":"<p>Inicio Nuestras Pol\u00edticas de Cookies \u00a0 \u00bfQu\u00e9 son las cookies? Son archivos que se almacenan en el dispositivo del usuario para mejorar la navegaci\u00f3n y analizarel uso del sitio web. Tipos de cookies Cookies t\u00e9cnicasNecesarias para el funcionamiento del sitio. Cookies anal\u00edticasPermiten analizar el comportamiento de usuarios. Cookies publicitariasPermiten mostrar anuncios relevantes y medir campa\u00f1as. [&hellip;]<\/p>\n","protected":false},"author":1,"featured_media":0,"parent":0,"menu_order":0,"comment_status":"closed","ping_status":"closed","template":"elementor_header_footer","meta":{"_joinchat":[],"footnotes":""},"class_list":["post-126","page","type-page","status-publish","hentry"],"yoast_head":"<!-- This site is optimized with the Yoast SEO plugin v27.4 - https:\/\/yoast.com\/product\/yoast-seo-wordpress\/ -->\n<title>Pol\u00edticas de Cookies - Clientesgoogleads<\/title>\n<meta name=\"robots\" content=\"index, follow, max-snippet:-1, max-image-preview:large, max-video-preview:-1\" \/>\n<link rel=\"canonical\" href=\"https:\/\/clientesgoogleads.com\/en\/politicas-de-cookies\/\" \/>\n<meta property=\"og:locale\" content=\"en_GB\" \/>\n<meta property=\"og:type\" content=\"article\" \/>\n<meta property=\"og:title\" content=\"Pol\u00edticas de Cookies - Clientesgoogleads\" \/>\n<meta property=\"og:description\" content=\"Inicio Nuestras Pol\u00edticas de Cookies \u00a0 \u00bfQu\u00e9 son las cookies? Son archivos que se almacenan en el dispositivo del usuario para mejorar la navegaci\u00f3n y analizarel uso del sitio web. Tipos de cookies Cookies t\u00e9cnicasNecesarias para el funcionamiento del sitio. Cookies anal\u00edticasPermiten analizar el comportamiento de usuarios. Cookies publicitariasPermiten mostrar anuncios relevantes y medir campa\u00f1as. [&hellip;]\" \/>\n<meta property=\"og:url\" content=\"https:\/\/clientesgoogleads.com\/en\/politicas-de-cookies\/\" \/>\n<meta property=\"og:site_name\" content=\"Clientesgoogleads\" \/>\n<meta property=\"article:modified_time\" content=\"2026-04-14T17:20:22+00:00\" \/>\n<meta name=\"twitter:card\" content=\"summary_large_image\" \/>\n<meta name=\"twitter:label1\" content=\"Estimated reading time\" \/>\n\t<meta name=\"twitter:data1\" content=\"1 minute\" \/>\n<!-- \/ Yoast SEO plugin. -->","yoast_head_json":{"title":"Pol\u00edticas de Cookies - Clientesgoogleads","robots":{"index":"index","follow":"follow","max-snippet":"max-snippet:-1","max-image-preview":"max-image-preview:large","max-video-preview":"max-video-preview:-1"},"canonical":"https:\/\/clientesgoogleads.com\/en\/politicas-de-cookies\/","og_locale":"en_GB","og_type":"article","og_title":"Pol\u00edticas de Cookies - Clientesgoogleads","og_description":"Inicio Nuestras Pol\u00edticas de Cookies \u00a0 \u00bfQu\u00e9 son las cookies? Son archivos que se almacenan en el dispositivo del usuario para mejorar la navegaci\u00f3n y analizarel uso del sitio web. Tipos de cookies Cookies t\u00e9cnicasNecesarias para el funcionamiento del sitio. Cookies anal\u00edticasPermiten analizar el comportamiento de usuarios. Cookies publicitariasPermiten mostrar anuncios relevantes y medir campa\u00f1as. [&hellip;]","og_url":"https:\/\/clientesgoogleads.com\/en\/politicas-de-cookies\/","og_site_name":"Clientesgoogleads","article_modified_time":"2026-04-14T17:20:22+00:00","twitter_card":"summary_large_image","twitter_misc":{"Estimated reading time":"1 minute"},"schema":{"@context":"https:\/\/schema.org","@graph":[{"@type":"WebPage","@id":"https:\/\/clientesgoogleads.com\/fr\/politicas-de-cookies\/","url":"https:\/\/clientesgoogleads.com\/fr\/politicas-de-cookies\/","name":"Pol\u00edticas de Cookies - Clientesgoogleads","isPartOf":{"@id":"https:\/\/clientesgoogleads.com\/fr\/#website"},"datePublished":"2026-04-09T17:39:31+00:00","dateModified":"2026-04-14T17:20:22+00:00","breadcrumb":{"@id":"https:\/\/clientesgoogleads.com\/fr\/politicas-de-cookies\/#breadcrumb"},"inLanguage":"en-GB","potentialAction":[{"@type":"ReadAction","target":["https:\/\/clientesgoogleads.com\/fr\/politicas-de-cookies\/"]}]},{"@type":"BreadcrumbList","@id":"https:\/\/clientesgoogleads.com\/fr\/politicas-de-cookies\/#breadcrumb","itemListElement":[{"@type":"ListItem","position":1,"name":"Portada","item":"https:\/\/clientesgoogleads.com\/en\/"},{"@type":"ListItem","position":2,"name":"Pol\u00edticas de Cookies"}]},{"@type":"WebSite","@id":"https:\/\/clientesgoogleads.com\/fr\/#website","url":"https:\/\/clientesgoogleads.com\/fr\/","name":"Google Ads clients","description":"","publisher":{"@id":"https:\/\/clientesgoogleads.com\/fr\/#organization"},"potentialAction":[{"@type":"SearchAction","target":{"@type":"EntryPoint","urlTemplate":"https:\/\/clientesgoogleads.com\/fr\/?s={search_term_string}"},"query-input":{"@type":"PropertyValueSpecification","valueRequired":true,"valueName":"search_term_string"}}],"inLanguage":"en-GB"},{"@type":"Organization","@id":"https:\/\/clientesgoogleads.com\/fr\/#organization","name":"Google Ads clients","url":"https:\/\/clientesgoogleads.com\/fr\/","logo":{"@type":"ImageObject","inLanguage":"en-GB","@id":"https:\/\/clientesgoogleads.com\/fr\/#\/schema\/logo\/image\/","url":"https:\/\/clientesgoogleads.com\/wp-content\/uploads\/2026\/04\/BERACA-MARCA-V-degradado-2026.png","contentUrl":"https:\/\/clientesgoogleads.com\/wp-content\/uploads\/2026\/04\/BERACA-MARCA-V-degradado-2026.png","width":1363,"height":445,"caption":"Clientesgoogleads"},"image":{"@id":"https:\/\/clientesgoogleads.com\/fr\/#\/schema\/logo\/image\/"}}]}},"_links":{"self":[{"href":"https:\/\/clientesgoogleads.com\/en\/wp-json\/wp\/v2\/pages\/126","targetHints":{"allow":["GET"]}}],"collection":[{"href":"https:\/\/clientesgoogleads.com\/en\/wp-json\/wp\/v2\/pages"}],"about":[{"href":"https:\/\/clientesgoogleads.com\/en\/wp-json\/wp\/v2\/types\/page"}],"author":[{"embeddable":true,"href":"https:\/\/clientesgoogleads.com\/en\/wp-json\/wp\/v2\/users\/1"}],"replies":[{"embeddable":true,"href":"https:\/\/clientesgoogleads.com\/en\/wp-json\/wp\/v2\/comments?post=126"}],"version-history":[{"count":25,"href":"https:\/\/clientesgoogleads.com\/en\/wp-json\/wp\/v2\/pages\/126\/revisions"}],"predecessor-version":[{"id":729,"href":"https:\/\/clientesgoogleads.com\/en\/wp-json\/wp\/v2\/pages\/126\/revisions\/729"}],"wp:attachment":[{"href":"https:\/\/clientesgoogleads.com\/en\/wp-json\/wp\/v2\/media?parent=126"}],"curies":[{"name":"wp","href":"https:\/\/api.w.org\/{rel}","templated":true}]}}