{"id":67,"date":"2026-04-09T17:03:00","date_gmt":"2026-04-09T17:03:00","guid":{"rendered":"https:\/\/clientesgoogleads.inabaweb.com\/?page_id=67"},"modified":"2026-04-14T17:24:00","modified_gmt":"2026-04-14T17:24:00","slug":"politicas-de-privacidad","status":"publish","type":"page","link":"https:\/\/clientesgoogleads.com\/de\/politicas-de-privacidad\/","title":{"rendered":"Datenschutzrichtlinien"},"content":{"rendered":"<style>.elementor-67 .elementor-element.elementor-element-652de4ff{--display:flex;--min-height:456px;--flex-direction:column;--container-widget-width:calc( ( 1 - var( --container-widget-flex-grow ) ) * 100% );--container-widget-height:initial;--container-widget-flex-grow:0;--container-widget-align-self:initial;--flex-wrap-mobile:wrap;--justify-content:center;--align-items:flex-start;--gap:24px 24px;--row-gap:24px;--column-gap:24px;--overlay-opacity:0.69;--margin-top:0px;--margin-bottom:0px;--margin-left:0px;--margin-right:0px;--padding-top:69px;--padding-bottom:0px;--padding-left:0px;--padding-right:0px;}.elementor-67 .elementor-element.elementor-element-652de4ff:not(.elementor-motion-effects-element-type-background), .elementor-67 .elementor-element.elementor-element-652de4ff > .elementor-motion-effects-container > .elementor-motion-effects-layer{background-image:url(\"https:\/\/clientesgoogleads.com\/wp-content\/uploads\/2026\/04\/Hero-Politicas-de-privacidad-1.jpeg\");background-position:center center;background-repeat:no-repeat;background-size:cover;}.elementor-67 .elementor-element.elementor-element-652de4ff::before, .elementor-67 .elementor-element.elementor-element-652de4ff > .elementor-background-video-container::before, .elementor-67 .elementor-element.elementor-element-652de4ff > .e-con-inner > .elementor-background-video-container::before, .elementor-67 .elementor-element.elementor-element-652de4ff > .elementor-background-slideshow::before, .elementor-67 .elementor-element.elementor-element-652de4ff > .e-con-inner > .elementor-background-slideshow::before, .elementor-67 .elementor-element.elementor-element-652de4ff > .elementor-motion-effects-container > .elementor-motion-effects-layer::before{--background-overlay:'';background-color:var( --e-global-color-text );}.elementor-67 .elementor-element.elementor-element-690056c4{text-align:center;}.elementor-67 .elementor-element.elementor-element-690056c4 ul.hfe-breadcrumbs li{margin-right:4px;}.elementor-67 .elementor-element.elementor-element-690056c4 .hfe-breadcrumbs-item{padding:0px 0px 0px 0px;font-family:var( --e-global-typography-d1461b2-font-family ), Sans-serif;font-size:var( --e-global-typography-d1461b2-font-size );font-weight:var( --e-global-typography-d1461b2-font-weight );line-height:var( --e-global-typography-d1461b2-line-height );letter-spacing:var( --e-global-typography-d1461b2-letter-spacing );word-spacing:var( --e-global-typography-d1461b2-word-spacing );border-radius:100px 100px 100px 100px;}.elementor-67 .elementor-element.elementor-element-690056c4 .hfe-breadcrumbs, .elementor-67 .elementor-element.elementor-element-690056c4 .hfe-breadcrumbs .hfe-breadcrumbs-text{color:var( --e-global-color-909d301 );}.elementor-67 .elementor-element.elementor-element-690056c4 .hfe-breadcrumbs svg{fill:var( --e-global-color-909d301 );}.elementor-67 .elementor-element.elementor-element-690056c4 .hfe-breadcrumbs-separator .hfe-breadcrumbs-separator-text{color:var( --e-global-color-909d301 );font-family:var( --e-global-typography-d1461b2-font-family ), Sans-serif;font-size:var( --e-global-typography-d1461b2-font-size );font-weight:var( --e-global-typography-d1461b2-font-weight );line-height:var( --e-global-typography-d1461b2-line-height );letter-spacing:var( --e-global-typography-d1461b2-letter-spacing );word-spacing:var( --e-global-typography-d1461b2-word-spacing );}.elementor-67 .elementor-element.elementor-element-690056c4 .hfe-breadcrumbs-separator-icon svg{fill:var( --e-global-color-909d301 );}.elementor-67 .elementor-element.elementor-element-690056c4 .hfe-breadcrumbs-last .hfe-breadcrumbs-text, .elementor-67 .elementor-element.elementor-element-690056c4 .hfe-breadcrumbs-last svg{color:var( --e-global-color-909d301 );font-family:var( --e-global-typography-b91330a-font-family ), Sans-serif;font-size:var( --e-global-typography-b91330a-font-size );font-weight:var( --e-global-typography-b91330a-font-weight );line-height:var( --e-global-typography-b91330a-line-height );letter-spacing:var( --e-global-typography-b91330a-letter-spacing );word-spacing:var( --e-global-typography-b91330a-word-spacing );}.elementor-67 .elementor-element.elementor-element-690056c4 .hfe-breadcrumbs-last{border-radius:100px 100px 100px 100px;padding:0px 0px 0px 0px;}.elementor-67 .elementor-element.elementor-element-690056c4 > .elementor-widget-container{margin:0px 0px 0px 0px;padding:8px 24px 8px 24px;background-color:var( --e-global-color-91d901e );border-radius:100px 100px 100px 100px;}.elementor-67 .elementor-element.elementor-element-66f41aff .jeg-elementor-kit.jkit-heading.title-float-left .jkit-heading-title-wrapper{width:100%;}.elementor-67 .elementor-element.elementor-element-66f41aff .jeg-elementor-kit.jkit-heading{text-align:left;}.elementor-67 .elementor-element.elementor-element-66f41aff .jeg-elementor-kit.jkit-heading .heading-title{font-family:var( --e-global-typography-9675b67-font-family ), Sans-serif;font-size:var( --e-global-typography-9675b67-font-size );font-weight:var( --e-global-typography-9675b67-font-weight );line-height:var( --e-global-typography-9675b67-line-height );letter-spacing:var( --e-global-typography-9675b67-letter-spacing );word-spacing:var( --e-global-typography-9675b67-word-spacing );color:#FFFFFF;}.elementor-67 .elementor-element.elementor-element-66f41aff .jeg-elementor-kit.jkit-heading .heading-section-title{margin:8px 0px 8px 0px;}.elementor-67 .elementor-element.elementor-element-66f41aff .jeg-elementor-kit.jkit-heading .heading-section-title .heading-title{padding:0px 0px 0px 0px;border-radius:0px 0px 0px 0px;}.elementor-67 .elementor-element.elementor-element-d1726b8{--display:flex;--flex-direction:column;--container-widget-width:100%;--container-widget-height:initial;--container-widget-flex-grow:0;--container-widget-align-self:initial;--flex-wrap-mobile:wrap;}.elementor-67 .elementor-element.elementor-element-87ecc7e{margin:0px 0px calc(var(--kit-widget-spacing, 0px) + 0px) 0px;padding:20px 100px 60px 100px;}@media(max-width:1024px){.elementor-67 .elementor-element.elementor-element-652de4ff{--padding-top:0px;--padding-bottom:0px;--padding-left:16px;--padding-right:16px;}.elementor-67 .elementor-element.elementor-element-690056c4 .hfe-breadcrumbs-item{font-size:var( --e-global-typography-d1461b2-font-size );line-height:var( --e-global-typography-d1461b2-line-height );letter-spacing:var( --e-global-typography-d1461b2-letter-spacing );word-spacing:var( --e-global-typography-d1461b2-word-spacing );}.elementor-67 .elementor-element.elementor-element-690056c4 .hfe-breadcrumbs-separator .hfe-breadcrumbs-separator-text{font-size:var( --e-global-typography-d1461b2-font-size );line-height:var( --e-global-typography-d1461b2-line-height );letter-spacing:var( --e-global-typography-d1461b2-letter-spacing );word-spacing:var( --e-global-typography-d1461b2-word-spacing );}.elementor-67 .elementor-element.elementor-element-690056c4 .hfe-breadcrumbs-last .hfe-breadcrumbs-text, .elementor-67 .elementor-element.elementor-element-690056c4 .hfe-breadcrumbs-last svg{font-size:var( --e-global-typography-b91330a-font-size );line-height:var( --e-global-typography-b91330a-line-height );letter-spacing:var( --e-global-typography-b91330a-letter-spacing );word-spacing:var( --e-global-typography-b91330a-word-spacing );}.elementor-67 .elementor-element.elementor-element-66f41aff .jeg-elementor-kit.jkit-heading .heading-title{font-size:var( --e-global-typography-9675b67-font-size );line-height:var( --e-global-typography-9675b67-line-height );letter-spacing:var( --e-global-typography-9675b67-letter-spacing );word-spacing:var( --e-global-typography-9675b67-word-spacing );}}@media(max-width:767px){.elementor-67 .elementor-element.elementor-element-652de4ff{--min-height:0px;--overlay-opacity:0.53;--padding-top:72px;--padding-bottom:72px;--padding-left:16px;--padding-right:16px;}.elementor-67 .elementor-element.elementor-element-690056c4 .hfe-breadcrumbs-item{font-size:var( --e-global-typography-d1461b2-font-size );line-height:var( --e-global-typography-d1461b2-line-height );letter-spacing:var( --e-global-typography-d1461b2-letter-spacing );word-spacing:var( --e-global-typography-d1461b2-word-spacing );}.elementor-67 .elementor-element.elementor-element-690056c4 .hfe-breadcrumbs-separator .hfe-breadcrumbs-separator-text{font-size:var( --e-global-typography-d1461b2-font-size );line-height:var( --e-global-typography-d1461b2-line-height );letter-spacing:var( --e-global-typography-d1461b2-letter-spacing );word-spacing:var( --e-global-typography-d1461b2-word-spacing );}.elementor-67 .elementor-element.elementor-element-690056c4 .hfe-breadcrumbs-last .hfe-breadcrumbs-text, .elementor-67 .elementor-element.elementor-element-690056c4 .hfe-breadcrumbs-last svg{font-size:var( --e-global-typography-b91330a-font-size );line-height:var( --e-global-typography-b91330a-line-height );letter-spacing:var( --e-global-typography-b91330a-letter-spacing );word-spacing:var( --e-global-typography-b91330a-word-spacing );}.elementor-67 .elementor-element.elementor-element-690056c4.elementor-element{--align-self:center;}.elementor-67 .elementor-element.elementor-element-66f41aff .jeg-elementor-kit.jkit-heading.title-float-left .jkit-heading-title-wrapper{width:100%;}.elementor-67 .elementor-element.elementor-element-66f41aff .jeg-elementor-kit.jkit-heading{text-align:center;}.elementor-67 .elementor-element.elementor-element-66f41aff .jeg-elementor-kit.jkit-heading .heading-title{font-size:var( --e-global-typography-9675b67-font-size );line-height:var( --e-global-typography-9675b67-line-height );letter-spacing:var( --e-global-typography-9675b67-letter-spacing );word-spacing:var( --e-global-typography-9675b67-word-spacing );}.elementor-67 .elementor-element.elementor-element-87ecc7e{padding:15px 30px 40px 30px;}}@media(min-width:1025px){.elementor-67 .elementor-element.elementor-element-652de4ff:not(.elementor-motion-effects-element-type-background), .elementor-67 .elementor-element.elementor-element-652de4ff > .elementor-motion-effects-container > .elementor-motion-effects-layer{background-attachment:fixed;}}\/* Start custom CSS for text-editor, class: .elementor-element-87ecc7e *\/\/* Espaciado entre p\u00e1rrafos *\/\r\n.elementor-67 .elementor-element.elementor-element-87ecc7e p {\r\n    margin-bottom: 16px;\r\n    line-height: 1.7;\r\n}\r\n\r\n\/* Espaciado entre t\u00edtulos y texto *\/\r\n.elementor-67 .elementor-element.elementor-element-87ecc7e h3 {\r\n    margin-top: 24px;\r\n    margin-bottom: 10px;\r\n    line-height: 1.3;\r\n}\r\n\r\n\/* Evita que Elementor colapse espacios *\/\r\n.elementor-67 .elementor-element.elementor-element-87ecc7e {\r\n    white-space: normal;\r\n}\r\n\r\n\/* Mejora lectura general del bloque *\/\r\n.elementor-67 .elementor-element.elementor-element-87ecc7e {\r\n    font-size: 16px;\r\n}\/* End custom CSS *\/<\/style>\t\t<div data-elementor-type=\"wp-page\" data-elementor-id=\"67\" class=\"elementor elementor-67\" data-elementor-post-type=\"page\">\n\t\t\t\t<div class=\"elementor-element elementor-element-652de4ff e-flex e-con-boxed e-con e-parent\" data-id=\"652de4ff\" data-element_type=\"container\" data-e-type=\"container\" data-settings=\"{&quot;background_background&quot;:&quot;classic&quot;}\">\n\t\t\t\t\t<div class=\"e-con-inner\">\n\t\t\t\t<div class=\"elementor-element elementor-element-690056c4 elementor-widget elementor-widget-hfe-breadcrumbs-widget\" data-id=\"690056c4\" data-element_type=\"widget\" data-e-type=\"widget\" data-widget_type=\"hfe-breadcrumbs-widget.default\">\n\t\t\t\t<div class=\"elementor-widget-container\">\n\t\t\t\t\t<nav aria-label=\"Brotkrumen\"><ul class=\"hfe-breadcrumbs hfe-breadcrumbs-show-home\"><li class=\"hfe-breadcrumbs-item hfe-breadcrumbs-first\"><span class=\"hfe-breadcrumbs-home-icon\"><\/span><a href=\"https:\/\/clientesgoogleads.com\/de\"><span class=\"hfe-breadcrumbs-text\">Start<\/span><\/a><\/li><\/ul><\/nav>\t\t\t\t<\/div>\n\t\t\t\t<\/div>\n\t\t\t\t<div class=\"elementor-element elementor-element-66f41aff animated-slow elementor-invisible elementor-widget elementor-widget-jkit_heading\" data-id=\"66f41aff\" data-element_type=\"widget\" data-e-type=\"widget\" data-settings=\"{&quot;_animation&quot;:&quot;slideInLeft&quot;,&quot;_animation_mobile&quot;:&quot;none&quot;}\" data-widget_type=\"jkit_heading.default\">\n\t\t\t\t\t<div  class=\"jeg-elementor-kit jkit-heading title-float-left align-left align-tablet- align-mobile-center jeg_module___69efc9968d99e\" ><div class=\"jkit-heading-title-wrapper\"><div class=\"heading-section-title  display-inline-block\"><h2 class=\"heading-title\">Unsere Datenschutzrichtlinien<\/h2><\/div><\/div><div class=\"jkit-heading-content-wrapper\"><\/div><\/div>\t\t\t\t<\/div>\n\t\t\t\t\t<\/div>\n\t\t\t\t<\/div>\n\t\t<div class=\"elementor-element elementor-element-d1726b8 e-flex e-con-boxed e-con e-parent\" data-id=\"d1726b8\" data-element_type=\"container\" data-e-type=\"container\">\n\t\t\t\t\t<div class=\"e-con-inner\">\n\t\t\t\t<div class=\"elementor-element elementor-element-87ecc7e elementor-widget elementor-widget-text-editor\" data-id=\"87ecc7e\" data-element_type=\"widget\" data-e-type=\"widget\" data-widget_type=\"text-editor.default\">\n\t\t\t\t\t\t\t\t\t<p>\u00a0<\/p><h3>Verantwortlich<\/h3><p>BERACA TRADITION &amp; INNOVATION SL<br \/>CIF: B24753840<br \/>Adresse: Alonso Alvarado 9, Las Palmas<br \/>E-Mail: <a href=\"mailto:agalan@beracatradition.com\">agalan@beracatradition.com<\/a><\/p><h3>Zweck<\/h3><p>Die Daten werden verwendet f\u00fcr:<br \/>auf Anfragen antworten<br \/>Kontakte verwalten<br \/>Dienstleistungen anbieten<br \/>(mit Einwilligung) kommerzielle Informationen senden<\/p><h3>Legitimation<\/h3><p>Nutzereinwilligung<br \/>vertragliches\/vorvertragliches Verh\u00e4ltnis<br \/>berechtigtes Interesse<\/p><h3>Erhaltung<\/h3><p>Folgendes bleibt erhalten:<br \/>solange die Beziehung besteht<br \/>oder aufgrund einer rechtlichen Verpflichtung<\/p><h3>Empf\u00e4nger<\/h3><p>Es werden keine Daten weitergegeben, au\u00dfer:<br \/>rechtliche Verpflichtung<br \/>Anbieter (Auftragsverarbeiter)<\/p><h3>Analysetools<\/h3><p>Diese Website verwendet:<br \/>Google Analytics<br \/>Google Tag Manager<\/p><p>F\u00fcr:<br \/>Analyse der Website-Nutzung<br \/>Dienstleistungen verbessern<br \/>Kampagnen optimieren<\/p><p>Google kann Daten gem\u00e4\u00df folgender Richtlinie verarbeiten:<br \/><a href=\"https:\/\/policies.google.com\/privacy\">https:\/\/policies.google.com\/privacy<\/a><\/p><h3>Rechte<\/h3><p>Der Benutzer kann Folgendes \u00fcben:<br \/>Zugang<br \/>Berichtigung<br \/>Unterdr\u00fcckung<br \/>Opposition<br \/>Einschr\u00e4nkung<br \/>Portabilit\u00e4t<\/p><p>In: <a href=\"mailto:agalan@beracatradition.com\">agalan@beracatradition.com<\/a><\/p><h3>Sicherheit<\/h3><p>Es wurden Ma\u00dfnahmen zum Schutz der Daten getroffen.<\/p><h3>Kommerzielle Kommunikation<\/h3><p>Nur wenn der Nutzer seine Zustimmung erteilt.<\/p><h3>Cookies<\/h3><p>Diese Website verwendet Cookies. Weitere Informationen finden Sie in unserer Cookie-Richtlinie.<\/p><h3>\u00c4nderungen<\/h3><p>Diese Richtlinie kann ge\u00e4ndert werden.<\/p><h3>Beh\u00f6rde<\/h3><p>Beschwerden an:<br \/>Spanische Datenschutzbeh\u00f6rde (AEPD).<\/p><p>\u2714 CookieYes-Banner mit: Akzeptieren \/ Ablehnen \/ Konfigurieren<br \/>\u2714 Cookies vor der Zustimmung blockieren<br \/>\u2714 Einwilligungsmodus v2 aktiv (wichtig f\u00fcr Google Ads)<\/p>\t\t\t\t\t\t\t\t<\/div>\n\t\t\t\t\t<\/div>\n\t\t\t\t<\/div>\n\t\t\t\t<\/div>","protected":false},"excerpt":{"rendered":"<p>Inicio Nuestras Pol\u00edticas de Privacidad \u00a0 Responsable BERACA TRADITION &amp; INNOVATION SLCIF: B24753840Direcci\u00f3n: Alonso Alvarado 9, Las PalmasEmail: agalan@beracatradition.com Finalidad Los datos se utilizan para:responder solicitudesgestionar contactosprestar serviciosenviar informaci\u00f3n comercial (con consentimiento) Legitimaci\u00f3n consentimiento del usuariorelaci\u00f3n contractual\/precontractualinter\u00e9s leg\u00edtimo Conservaci\u00f3n Se conservar\u00e1n:mientras exista relaci\u00f3no por obligaci\u00f3n legal Destinatarios No se ceden datos salvo:obligaci\u00f3n legalproveedores (encargados del [&hellip;]<\/p>\n","protected":false},"author":1,"featured_media":0,"parent":0,"menu_order":0,"comment_status":"closed","ping_status":"closed","template":"elementor_header_footer","meta":{"_joinchat":[],"footnotes":""},"class_list":["post-67","page","type-page","status-publish","hentry"],"yoast_head":"<!-- This site is optimized with the Yoast SEO plugin v27.4 - https:\/\/yoast.com\/product\/yoast-seo-wordpress\/ -->\n<title>Pol\u00edticas de Privacidad - Clientesgoogleads<\/title>\n<meta name=\"robots\" content=\"index, follow, max-snippet:-1, max-image-preview:large, max-video-preview:-1\" \/>\n<link rel=\"canonical\" href=\"https:\/\/clientesgoogleads.com\/de\/politicas-de-privacidad\/\" \/>\n<meta property=\"og:locale\" content=\"de_DE\" \/>\n<meta property=\"og:type\" content=\"article\" \/>\n<meta property=\"og:title\" content=\"Pol\u00edticas de Privacidad - Clientesgoogleads\" \/>\n<meta property=\"og:description\" content=\"Inicio Nuestras Pol\u00edticas de Privacidad \u00a0 Responsable BERACA TRADITION &amp; INNOVATION SLCIF: B24753840Direcci\u00f3n: Alonso Alvarado 9, Las PalmasEmail: agalan@beracatradition.com Finalidad Los datos se utilizan para:responder solicitudesgestionar contactosprestar serviciosenviar informaci\u00f3n comercial (con consentimiento) Legitimaci\u00f3n consentimiento del usuariorelaci\u00f3n contractual\/precontractualinter\u00e9s leg\u00edtimo Conservaci\u00f3n Se conservar\u00e1n:mientras exista relaci\u00f3no por obligaci\u00f3n legal Destinatarios No se ceden datos salvo:obligaci\u00f3n legalproveedores (encargados del [&hellip;]\" \/>\n<meta property=\"og:url\" content=\"https:\/\/clientesgoogleads.com\/de\/politicas-de-privacidad\/\" \/>\n<meta property=\"og:site_name\" content=\"Clientesgoogleads\" \/>\n<meta property=\"article:modified_time\" content=\"2026-04-14T17:24:00+00:00\" \/>\n<meta name=\"twitter:card\" content=\"summary_large_image\" \/>\n<meta name=\"twitter:label1\" content=\"Gesch\u00e4tzte Lesezeit\" \/>\n\t<meta name=\"twitter:data1\" content=\"1\u00a0Minute\" \/>\n<!-- \/ Yoast SEO plugin. -->","yoast_head_json":{"title":"Pol\u00edticas de Privacidad - Clientesgoogleads","robots":{"index":"index","follow":"follow","max-snippet":"max-snippet:-1","max-image-preview":"max-image-preview:large","max-video-preview":"max-video-preview:-1"},"canonical":"https:\/\/clientesgoogleads.com\/de\/politicas-de-privacidad\/","og_locale":"de_DE","og_type":"article","og_title":"Pol\u00edticas de Privacidad - Clientesgoogleads","og_description":"Inicio Nuestras Pol\u00edticas de Privacidad \u00a0 Responsable BERACA TRADITION &amp; INNOVATION SLCIF: B24753840Direcci\u00f3n: Alonso Alvarado 9, Las PalmasEmail: agalan@beracatradition.com Finalidad Los datos se utilizan para:responder solicitudesgestionar contactosprestar serviciosenviar informaci\u00f3n comercial (con consentimiento) Legitimaci\u00f3n consentimiento del usuariorelaci\u00f3n contractual\/precontractualinter\u00e9s leg\u00edtimo Conservaci\u00f3n Se conservar\u00e1n:mientras exista relaci\u00f3no por obligaci\u00f3n legal Destinatarios No se ceden datos salvo:obligaci\u00f3n legalproveedores (encargados del [&hellip;]","og_url":"https:\/\/clientesgoogleads.com\/de\/politicas-de-privacidad\/","og_site_name":"Clientesgoogleads","article_modified_time":"2026-04-14T17:24:00+00:00","twitter_card":"summary_large_image","twitter_misc":{"Gesch\u00e4tzte Lesezeit":"1\u00a0Minute"},"schema":{"@context":"https:\/\/schema.org","@graph":[{"@type":"WebPage","@id":"https:\/\/clientesgoogleads.com\/fr\/politicas-de-privacidad\/","url":"https:\/\/clientesgoogleads.com\/fr\/politicas-de-privacidad\/","name":"Pol\u00edticas de Privacidad - Clientesgoogleads","isPartOf":{"@id":"https:\/\/clientesgoogleads.com\/fr\/#website"},"datePublished":"2026-04-09T17:03:00+00:00","dateModified":"2026-04-14T17:24:00+00:00","breadcrumb":{"@id":"https:\/\/clientesgoogleads.com\/fr\/politicas-de-privacidad\/#breadcrumb"},"inLanguage":"de","potentialAction":[{"@type":"ReadAction","target":["https:\/\/clientesgoogleads.com\/fr\/politicas-de-privacidad\/"]}]},{"@type":"BreadcrumbList","@id":"https:\/\/clientesgoogleads.com\/fr\/politicas-de-privacidad\/#breadcrumb","itemListElement":[{"@type":"ListItem","position":1,"name":"Portada","item":"https:\/\/clientesgoogleads.com\/en\/"},{"@type":"ListItem","position":2,"name":"Pol\u00edticas de Privacidad"}]},{"@type":"WebSite","@id":"https:\/\/clientesgoogleads.com\/fr\/#website","url":"https:\/\/clientesgoogleads.com\/fr\/","name":"Google Ads-Kunden","description":"","publisher":{"@id":"https:\/\/clientesgoogleads.com\/fr\/#organization"},"potentialAction":[{"@type":"SearchAction","target":{"@type":"EntryPoint","urlTemplate":"https:\/\/clientesgoogleads.com\/fr\/?s={search_term_string}"},"query-input":{"@type":"PropertyValueSpecification","valueRequired":true,"valueName":"search_term_string"}}],"inLanguage":"de"},{"@type":"Organization","@id":"https:\/\/clientesgoogleads.com\/fr\/#organization","name":"Google Ads-Kunden","url":"https:\/\/clientesgoogleads.com\/fr\/","logo":{"@type":"ImageObject","inLanguage":"de","@id":"https:\/\/clientesgoogleads.com\/fr\/#\/schema\/logo\/image\/","url":"https:\/\/clientesgoogleads.com\/wp-content\/uploads\/2026\/04\/BERACA-MARCA-V-degradado-2026.png","contentUrl":"https:\/\/clientesgoogleads.com\/wp-content\/uploads\/2026\/04\/BERACA-MARCA-V-degradado-2026.png","width":1363,"height":445,"caption":"Clientesgoogleads"},"image":{"@id":"https:\/\/clientesgoogleads.com\/fr\/#\/schema\/logo\/image\/"}}]}},"_links":{"self":[{"href":"https:\/\/clientesgoogleads.com\/de\/wp-json\/wp\/v2\/pages\/67","targetHints":{"allow":["GET"]}}],"collection":[{"href":"https:\/\/clientesgoogleads.com\/de\/wp-json\/wp\/v2\/pages"}],"about":[{"href":"https:\/\/clientesgoogleads.com\/de\/wp-json\/wp\/v2\/types\/page"}],"author":[{"embeddable":true,"href":"https:\/\/clientesgoogleads.com\/de\/wp-json\/wp\/v2\/users\/1"}],"replies":[{"embeddable":true,"href":"https:\/\/clientesgoogleads.com\/de\/wp-json\/wp\/v2\/comments?post=67"}],"version-history":[{"count":55,"href":"https:\/\/clientesgoogleads.com\/de\/wp-json\/wp\/v2\/pages\/67\/revisions"}],"predecessor-version":[{"id":736,"href":"https:\/\/clientesgoogleads.com\/de\/wp-json\/wp\/v2\/pages\/67\/revisions\/736"}],"wp:attachment":[{"href":"https:\/\/clientesgoogleads.com\/de\/wp-json\/wp\/v2\/media?parent=67"}],"curies":[{"name":"wp","href":"https:\/\/api.w.org\/{rel}","templated":true}]}}